{"id":7,"date":"2024-08-19T15:49:51","date_gmt":"2024-08-19T13:49:51","guid":{"rendered":"http:\/\/cunrimu.cluster027.hosting.ovh.net\/?page_id=7"},"modified":"2024-08-30T09:40:45","modified_gmt":"2024-08-30T07:40:45","slug":"a-propos-de","status":"publish","type":"page","link":"https:\/\/lotfibenkhelifa.fr\/index.php\/a-propos-de\/","title":{"rendered":"Qui suis-je ?"},"content":{"rendered":"\n<p>Je m\u2019appelle Lotfi Ben Khelifa. J\u2019ai grandi aux Minguettes et je vis \u00e0 V\u00e9nissieux depuis plus de 40 ans. J\u2019ai commenc\u00e9 ma vie professionnelle comme cantonnier au Grand Lyon. J\u2019ai pass\u00e9 des concours administratifs et je suis devenu agent de ma\u00eetrise. Je me suis aussi investi dans le milieu associatif, dans la vie syndicale et finalement la politique. J\u2019ai aussi voyag\u00e9 pour apprendre du monde : en Afrique, en Europe et aux \u00c9tats-Unis o\u00f9 j\u2019ai \u00e9t\u00e9 invit\u00e9 pour rencontrer des acteurs de la soci\u00e9t\u00e9 am\u00e9ricaine. J\u2019ai adh\u00e9r\u00e9 au parti socialiste en 2004, je suis devenu adjoint au maire de V\u00e9nissieux en 2008. Aux derni\u00e8res \u00e9lections municipale de mars 2014, puis en mars 2015, j\u2019ai conduit une liste de gauche autonome. Je souhaite proposer un projet diff\u00e9rent pour V\u00e9nissieux. Un projet de gauche, moderne, participatif et tourn\u00e9 vers l&rsquo;avenir. Toutes mes exp\u00e9riences, professionnelles, syndicales, politiques, humaines, m\u2019ont confort\u00e9 dans mon envie de m\u2019investir dans la vie publique et au service des V\u00e9nissians.<\/p>\n","protected":false},"excerpt":{"rendered":"<p>Je m\u2019appelle Lotfi Ben Khelifa. J\u2019ai grandi aux Minguettes et je vis \u00e0 V\u00e9nissieux depuis..<\/p>\n","protected":false},"author":1,"featured_media":0,"parent":0,"menu_order":0,"comment_status":"closed","ping_status":"closed","template":"","meta":{"footnotes":""},"class_list":["post-7","page","type-page","status-publish","hentry"],"_links":{"self":[{"href":"https:\/\/lotfibenkhelifa.fr\/index.php\/wp-json\/wp\/v2\/pages\/7","targetHints":{"allow":["GET"]}}],"collection":[{"href":"https:\/\/lotfibenkhelifa.fr\/index.php\/wp-json\/wp\/v2\/pages"}],"about":[{"href":"https:\/\/lotfibenkhelifa.fr\/index.php\/wp-json\/wp\/v2\/types\/page"}],"author":[{"embeddable":true,"href":"https:\/\/lotfibenkhelifa.fr\/index.php\/wp-json\/wp\/v2\/users\/1"}],"replies":[{"embeddable":true,"href":"https:\/\/lotfibenkhelifa.fr\/index.php\/wp-json\/wp\/v2\/comments?post=7"}],"version-history":[{"count":5,"href":"https:\/\/lotfibenkhelifa.fr\/index.php\/wp-json\/wp\/v2\/pages\/7\/revisions"}],"predecessor-version":[{"id":54,"href":"https:\/\/lotfibenkhelifa.fr\/index.php\/wp-json\/wp\/v2\/pages\/7\/revisions\/54"}],"wp:attachment":[{"href":"https:\/\/lotfibenkhelifa.fr\/index.php\/wp-json\/wp\/v2\/media?parent=7"}],"curies":[{"name":"wp","href":"https:\/\/api.w.org\/{rel}","templated":true}]}}